{"id":441,"date":"2013-09-23T14:59:04","date_gmt":"2013-09-23T18:59:04","guid":{"rendered":"http:\/\/bienvendupardan.com\/?page_id=441"},"modified":"2019-06-12T15:58:44","modified_gmt":"2019-06-12T19:58:44","slug":"9-erreurs-couteuses-a-eviter-lors-de-la-vente-de-votre-maison","status":"publish","type":"page","link":"https:\/\/bienvendupardan.com\/en\/vendre-2\/9-erreurs-couteuses-a-eviter-lors-de-la-vente-de-votre-maison\/","title":{"rendered":"9 costly mistakes to avoid when selling your home"},"content":{"rendered":"<p>French Only<\/p>\n<p>&nbsp;<\/p>\n<p>Vendre votre propri\u00e9t\u00e9 est l&#8217;une des plus importantes transactions de votre vie. Afin de maximiser le prix de vente, gardez le contr\u00f4le en tout temps et r\u00e9duisez le niveau de stress li\u00e9 \u00e0 cette activit\u00e9.<\/p>\n<p><strong>Voici une liste de 9 erreurs \u00e0 \u00e9viter, ce qui vous permettra de r\u00e9aliser une vente rapide et agr\u00e9able<\/strong><\/p>\n<p><strong>1) AFFICHER UN PRIX TROP HAUT <\/strong><\/p>\n<p>\u00c9tablir le prix demand\u00e9 ne doit pas \u00eatre fait \u00e0 la l\u00e9g\u00e8re. Une fois le prix \u00e9tabli, les acheteurs sauront le maximum qu&#8217;ils devront d\u00e9bourser pour votre maison. Vous devez savoir que l&#8217;acheteur moyen visite de 15 \u00e0 20 maisons avant de prendre sa d\u00e9cision.<\/p>\n<p>Si votre maison ne se compare pas favorablement avec les autres dans la m\u00eame gamme de prix, vous ne serez pas pris au s\u00e9rieux par les acheteurs \u00e9ventuels ou par les\u00a0courtiers immobiliers. R\u00e9sultat, votre maison restera sur le march\u00e9 pour une tr\u00e8s longue p\u00e9riode et, sachant cela, les nouveaux acheteurs penseront qu&#8217;il y a quelque chose d&#8217;anormal avec votre propri\u00e9t\u00e9.<\/p>\n<p><strong>2) AVOIR UN\u00a0COURTIER QUI NE FAIT PAS SES DEVOIRS,\u00a0QUI NE CONNAIT PAS VOTRE QUARTIER<\/strong><\/p>\n<p>Prendre connaissance des derni\u00e8res ventes de maisons similaires \u00e0 la v\u00f4tre dans le quartier et conna\u00eetre le prix demand\u00e9 par vos comp\u00e9titeurs. C&#8217;est certainement de cette fa\u00e7on que les acheteurs \u00e9valueront votre maison.<\/p>\n<p>Voil\u00e0 un des devoirs importants de la part de votre courtier immobilier !<\/p>\n<p><strong>3) MAL PR\u00c9PARER VOTRE MAISON POUR LES VISITES<\/strong><\/p>\n<p>Chaque ann\u00e9e, les compagnies nord-am\u00e9ricaines d\u00e9pensent des milliards en pr\u00e9sentations de produits et design d&#8217;emballages. L&#8217;apparence est primordiale. Il serait stupide d&#8217;ignorer ce fait. Vous ne pouvez pas d\u00e9placer votre maison et vous pouvez difficilement en changer les divisions. Par contre, vous pouvez facilement am\u00e9liorer son apparence:<\/p>\n<p>\u00d8 Nettoyer comme jamais ;<\/p>\n<p>\u00d8 Ramasser, redresser, ranger et r\u00e9parer tout. Ces d\u00e9tails peuvent vous para\u00eetre insignifiants, mais ils cr\u00e9eront une premi\u00e8re impression tr\u00e8s favorable aux acheteurs, leur permettant ainsi de se visualiser vivant eux-m\u00eames chez-vous. La d\u00e9cision d&#8217;acheter une maison tient plus de l&#8217;\u00e9motion que de la logique. Par cons\u00e9quent, laissez l&#8217;acheteur visiter \u00e0 sa guise de mani\u00e8re \u00e0 g\u00e9n\u00e9rer un sentiment de confort.<\/p>\n<p><strong>4) CHOISIR LE COURTIER\u00a0POUR LES MAUVAISES RAISONS <\/strong><\/p>\n<p>Il est primordial d&#8217;avoir confiance\u00a0au courtier\u00a0immobilier qui vous repr\u00e9sentera, de croire en sa comp\u00e9tence et en son exp\u00e9rience. Vous voulez un\u00a0courtier qui peut facilement vous expliquer tout le processus de mise en march\u00e9, qui conna\u00eet tr\u00e8s bien le march\u00e9, qui d\u00e9tient une banque d&#8217;acheteurs \u00e9ventuels et qui peut vous donner de pr\u00e9cieux conseils pour augmenter vos chances de vendre. Il ne faut surtout pas le choisir en fonction de l&#8217;\u00e9valuation la plus \u00e9lev\u00e9e qui est faite de votre propri\u00e9t\u00e9 ou parce qu&#8217;il exige une commission plus basse. Choisissez plut\u00f4t le courtier\u00a0qui fait une \u00e9valuation juste et qui vous offre des garanties de performances, comme une bonne mise en march\u00e9 de votre propri\u00e9t\u00e9.<\/p>\n<p><strong>5) MAL DIFFUSER AUX ACHETEURS \u00c9VENTUELS LES INFORMATIONS\u00a0DE\u00a0VOTRE MAISON <\/strong><\/p>\n<p>Une des plus importantes raisons de confier la vente de votre maison \u00e0 un\u00a0courtier immobilier, c&#8217;est de profiter de son expertise en publicit\u00e9 et de ses outils de marketing sp\u00e9cialis\u00e9s :<\/p>\n<p>\u00d8 Permettre au courtier immobilier d&#8217;installer une enseigne \u00e0 vendre ;<\/p>\n<p>\u00d8 Ne pas limiter le temps de visite des acheteurs ;<\/p>\n<p>\u00d8 Inscrire votre propri\u00e9t\u00e9 sur Internet, id\u00e9alement sur diff\u00e9rents sites \u00ab Web \u00bb<\/p>\n<p>\u2026N\u00e9gliger ces t\u00e2ches ne peut qu&#8217;influencer votre prix de vente \u00e0 la baisse<\/p>\n<p><strong>6) EXERCER UNE PRESSION INDUE SUR LES ACHETEURS DURANT LES VISITES <\/strong><\/p>\n<p>Personne n&#8217;appr\u00e9cie la vente sous pression. Dans cette situation, les acheteurs pourraient se demander pourquoi vous \u00eates si anxieux de vendre.<\/p>\n<p>Si vous suivez les acheteurs pas \u00e0 pas en indiquant le moindre d\u00e9tail qui peut vous sembler important, tel un nouveau chauffe-eau, un grand garde-manger, vous emp\u00eachez l&#8217;acheteur d&#8217;\u00eatre \u00e0 l&#8217;aise. Laissez plut\u00f4t votre maison parler par elle-m\u00eame.<\/p>\n<p><strong>7) CACHER CERTAINS D\u00c9FAUTS DE VOTRE MAISON <\/strong><\/p>\n<p>En tant que propri\u00e9taire vendeur, assurez-vous de tout d\u00e9voiler. Le vendeur averti prendra les devants et informera l&#8217;acheteur de tous d\u00e9fauts connus pouvant diminuer la valeur de la propri\u00e9t\u00e9. L&#8217;acheteur peut ainsi r\u00e9diger sa promesse d&#8217;achat en toute confiance et ajuster son budget en cons\u00e9quence. Ceci permettra de r\u00e9aliser la condition d&#8217;inspection de l&#8217;immeuble avec beaucoup plus de facilit\u00e9.<\/p>\n<p><strong>8) NE PAS CONNAITRE VOTRE ACHETEUR <\/strong><\/p>\n<p>Durant la n\u00e9gociation, votre objectif est d&#8217;en contr\u00f4ler le rythme, et si possible, en d\u00e9terminer l&#8217;\u00e9ch\u00e9ance. Vous devez conna\u00eetre la motivation de l&#8217;acheteur :<\/p>\n<p>\u00d8 Doit-il d\u00e9m\u00e9nager <span style=\"text-decoration: underline;\">rapidement ?<\/span><\/p>\n<p>\u00d8 Est-ce qu&#8217;il a les moyens financiers de conclure la ve<span style=\"text-decoration: underline;\">nte ?<\/span><\/p>\n<p>Connaissant ces facteurs, vous aurez l&#8217;avantage dans la n\u00e9gociation car vous saurez jusqu&#8217;\u00e0 quel point vous pouvez insister pour obtenir ce que vous voulez. Votre\u00a0courtier jouera un r\u00f4le cl\u00e9 \u00e0 cette \u00e9tape.<\/p>\n<p><strong>9) NE PAS CONNA\u00ceTRE SES LIMITES FINANCI\u00c8RES POUR L&#8217;ACHAT DE LA PROCHAINE MAISON <\/strong><\/p>\n<p>80% des gens vendent leur maison dans le but d&#8217;en acheter une autre r\u00e9pondant mieux \u00e0 leurs besoins. Lors de la mise en march\u00e9 de votre propri\u00e9t\u00e9, il est important d&#8217;\u00e9tablir vos nouveaux besoins avec votre courtier immobilier. Vous pourrez ainsi d\u00e9buter vos recherches. Parall\u00e8lement, vous pourrez clairement r\u00e9gler le financement requis avec un courtier hypoth\u00e9caire et r\u00e9server votre taux d&#8217;int\u00e9r\u00eat pour les prochains mois. Ce processus facilitera les n\u00e9gociations lors de la vente et de l&#8217;achat des propri\u00e9t\u00e9s.<\/p>","protected":false},"excerpt":{"rendered":"<p>French Only &nbsp; Vendre votre propri\u00e9t\u00e9 est l&#8217;une des plus importantes transactions de votre vie. Afin de maximiser le prix de vente, gardez le contr\u00f4le en tout temps et r\u00e9duisez le niveau de stress li\u00e9 \u00e0 cette activit\u00e9. Voici une liste de 9 erreurs \u00e0 \u00e9viter, ce qui vous permettra de r\u00e9aliser une vente rapide [&hellip;]<\/p>\n","protected":false},"author":121,"featured_media":0,"parent":15,"menu_order":0,"comment_status":"open","ping_status":"open","template":"","meta":{"_acf_changed":false,"footnotes":""},"class_list":["post-441","page","type-page","status-publish","hentry"],"acf":[],"yoast_head":"<!-- This site is optimized with the Yoast SEO plugin v26.7 - https:\/\/yoast.com\/wordpress\/plugins\/seo\/ -->\n<title>9 costly mistakes to avoid when selling your home - Bien Vendu par Dan<\/title>\n<meta name=\"robots\" content=\"index, follow, max-snippet:-1, max-image-preview:large, max-video-preview:-1\" \/>\n<link rel=\"canonical\" href=\"https:\/\/bienvendupardan.com\/vendre-2\/9-erreurs-couteuses-a-eviter-lors-de-la-vente-de-votre-maison\/\" \/>\n<meta property=\"og:locale\" content=\"en_US\" \/>\n<meta property=\"og:type\" content=\"article\" \/>\n<meta property=\"og:title\" content=\"9 costly mistakes to avoid when selling your home - Bien Vendu par Dan\" \/>\n<meta property=\"og:description\" content=\"French Only &nbsp; Vendre votre propri\u00e9t\u00e9 est l&#8217;une des plus importantes transactions de votre vie. Afin de maximiser le prix de vente, gardez le contr\u00f4le en tout temps et r\u00e9duisez le niveau de stress li\u00e9 \u00e0 cette activit\u00e9. Voici une liste de 9 erreurs \u00e0 \u00e9viter, ce qui vous permettra de r\u00e9aliser une vente rapide [&hellip;]\" \/>\n<meta property=\"og:url\" content=\"https:\/\/bienvendupardan.com\/vendre-2\/9-erreurs-couteuses-a-eviter-lors-de-la-vente-de-votre-maison\/\" \/>\n<meta property=\"og:site_name\" content=\"Bien Vendu par Dan\" \/>\n<meta property=\"article:modified_time\" content=\"2019-06-12T19:58:44+00:00\" \/>\n<meta name=\"twitter:card\" content=\"summary_large_image\" \/>\n<meta name=\"twitter:label1\" content=\"Est. reading time\" \/>\n\t<meta name=\"twitter:data1\" content=\"9 minutes\" \/>\n<script type=\"application\/ld+json\" class=\"yoast-schema-graph\">{\"@context\":\"https:\/\/schema.org\",\"@graph\":[{\"@type\":\"WebPage\",\"@id\":\"https:\/\/bienvendupardan.com\/vendre-2\/9-erreurs-couteuses-a-eviter-lors-de-la-vente-de-votre-maison\/\",\"url\":\"https:\/\/bienvendupardan.com\/vendre-2\/9-erreurs-couteuses-a-eviter-lors-de-la-vente-de-votre-maison\/\",\"name\":\"[:fr]9 erreurs co\u00fbteuses \u00e0 \u00e9viter lors de la vente de votre maison [:en]9 costly mistakes to avoid when selling your home[:] - Bien Vendu par Dan\",\"isPartOf\":{\"@id\":\"https:\/\/bienvendupardan.com\/#website\"},\"datePublished\":\"2013-09-23T18:59:04+00:00\",\"dateModified\":\"2019-06-12T19:58:44+00:00\",\"breadcrumb\":{\"@id\":\"https:\/\/bienvendupardan.com\/vendre-2\/9-erreurs-couteuses-a-eviter-lors-de-la-vente-de-votre-maison\/#breadcrumb\"},\"inLanguage\":\"en-US\",\"potentialAction\":[{\"@type\":\"ReadAction\",\"target\":[\"https:\/\/bienvendupardan.com\/vendre-2\/9-erreurs-couteuses-a-eviter-lors-de-la-vente-de-votre-maison\/\"]}]},{\"@type\":\"BreadcrumbList\",\"@id\":\"https:\/\/bienvendupardan.com\/vendre-2\/9-erreurs-couteuses-a-eviter-lors-de-la-vente-de-votre-maison\/#breadcrumb\",\"itemListElement\":[{\"@type\":\"ListItem\",\"position\":1,\"name\":\"Accueil\",\"item\":\"https:\/\/bienvendupardan.com\/\"},{\"@type\":\"ListItem\",\"position\":2,\"name\":\"Sell\",\"item\":\"https:\/\/bienvendupardan.com\/en\/vendre-2\/\"},{\"@type\":\"ListItem\",\"position\":3,\"name\":\"9 erreurs co\u00fbteuses \u00e0 \u00e9viter lors de la vente de votre maison\"}]},{\"@type\":\"WebSite\",\"@id\":\"https:\/\/bienvendupardan.com\/#website\",\"url\":\"https:\/\/bienvendupardan.com\/\",\"name\":\"Bien Vendu par Dan\",\"description\":\"Un site du r\u00e9seau Aliquando\",\"potentialAction\":[{\"@type\":\"SearchAction\",\"target\":{\"@type\":\"EntryPoint\",\"urlTemplate\":\"https:\/\/bienvendupardan.com\/?s={search_term_string}\"},\"query-input\":{\"@type\":\"PropertyValueSpecification\",\"valueRequired\":true,\"valueName\":\"search_term_string\"}}],\"inLanguage\":\"en-US\"}]}<\/script>\n<!-- \/ Yoast SEO plugin. -->","yoast_head_json":{"title":"9 costly mistakes to avoid when selling your home - Bien Vendu par Dan","robots":{"index":"index","follow":"follow","max-snippet":"max-snippet:-1","max-image-preview":"max-image-preview:large","max-video-preview":"max-video-preview:-1"},"canonical":"https:\/\/bienvendupardan.com\/vendre-2\/9-erreurs-couteuses-a-eviter-lors-de-la-vente-de-votre-maison\/","og_locale":"en_US","og_type":"article","og_title":"9 costly mistakes to avoid when selling your home - Bien Vendu par Dan","og_description":"French Only &nbsp; Vendre votre propri\u00e9t\u00e9 est l&#8217;une des plus importantes transactions de votre vie. Afin de maximiser le prix de vente, gardez le contr\u00f4le en tout temps et r\u00e9duisez le niveau de stress li\u00e9 \u00e0 cette activit\u00e9. Voici une liste de 9 erreurs \u00e0 \u00e9viter, ce qui vous permettra de r\u00e9aliser une vente rapide [&hellip;]","og_url":"https:\/\/bienvendupardan.com\/vendre-2\/9-erreurs-couteuses-a-eviter-lors-de-la-vente-de-votre-maison\/","og_site_name":"Bien Vendu par Dan","article_modified_time":"2019-06-12T19:58:44+00:00","twitter_card":"summary_large_image","twitter_misc":{"Est. reading time":"9 minutes"},"schema":{"@context":"https:\/\/schema.org","@graph":[{"@type":"WebPage","@id":"https:\/\/bienvendupardan.com\/vendre-2\/9-erreurs-couteuses-a-eviter-lors-de-la-vente-de-votre-maison\/","url":"https:\/\/bienvendupardan.com\/vendre-2\/9-erreurs-couteuses-a-eviter-lors-de-la-vente-de-votre-maison\/","name":"[:fr]9 erreurs co\u00fbteuses \u00e0 \u00e9viter lors de la vente de votre maison [:en]9 costly mistakes to avoid when selling your home[:] - Bien Vendu par Dan","isPartOf":{"@id":"https:\/\/bienvendupardan.com\/#website"},"datePublished":"2013-09-23T18:59:04+00:00","dateModified":"2019-06-12T19:58:44+00:00","breadcrumb":{"@id":"https:\/\/bienvendupardan.com\/vendre-2\/9-erreurs-couteuses-a-eviter-lors-de-la-vente-de-votre-maison\/#breadcrumb"},"inLanguage":"en-US","potentialAction":[{"@type":"ReadAction","target":["https:\/\/bienvendupardan.com\/vendre-2\/9-erreurs-couteuses-a-eviter-lors-de-la-vente-de-votre-maison\/"]}]},{"@type":"BreadcrumbList","@id":"https:\/\/bienvendupardan.com\/vendre-2\/9-erreurs-couteuses-a-eviter-lors-de-la-vente-de-votre-maison\/#breadcrumb","itemListElement":[{"@type":"ListItem","position":1,"name":"Accueil","item":"https:\/\/bienvendupardan.com\/"},{"@type":"ListItem","position":2,"name":"Sell","item":"https:\/\/bienvendupardan.com\/en\/vendre-2\/"},{"@type":"ListItem","position":3,"name":"9 erreurs co\u00fbteuses \u00e0 \u00e9viter lors de la vente de votre maison"}]},{"@type":"WebSite","@id":"https:\/\/bienvendupardan.com\/#website","url":"https:\/\/bienvendupardan.com\/","name":"Bien Vendu par Dan","description":"Un site du r\u00e9seau Aliquando","potentialAction":[{"@type":"SearchAction","target":{"@type":"EntryPoint","urlTemplate":"https:\/\/bienvendupardan.com\/?s={search_term_string}"},"query-input":{"@type":"PropertyValueSpecification","valueRequired":true,"valueName":"search_term_string"}}],"inLanguage":"en-US"}]}},"_links":{"self":[{"href":"https:\/\/bienvendupardan.com\/en\/wp-json\/wp\/v2\/pages\/441","targetHints":{"allow":["GET"]}}],"collection":[{"href":"https:\/\/bienvendupardan.com\/en\/wp-json\/wp\/v2\/pages"}],"about":[{"href":"https:\/\/bienvendupardan.com\/en\/wp-json\/wp\/v2\/types\/page"}],"author":[{"embeddable":true,"href":"https:\/\/bienvendupardan.com\/en\/wp-json\/wp\/v2\/users\/121"}],"replies":[{"embeddable":true,"href":"https:\/\/bienvendupardan.com\/en\/wp-json\/wp\/v2\/comments?post=441"}],"version-history":[{"count":2,"href":"https:\/\/bienvendupardan.com\/en\/wp-json\/wp\/v2\/pages\/441\/revisions"}],"predecessor-version":[{"id":992,"href":"https:\/\/bienvendupardan.com\/en\/wp-json\/wp\/v2\/pages\/441\/revisions\/992"}],"up":[{"embeddable":true,"href":"https:\/\/bienvendupardan.com\/en\/wp-json\/wp\/v2\/pages\/15"}],"wp:attachment":[{"href":"https:\/\/bienvendupardan.com\/en\/wp-json\/wp\/v2\/media?parent=441"}],"curies":[{"name":"wp","href":"https:\/\/api.w.org\/{rel}","templated":true}]}}