{"id":447,"date":"2013-09-23T15:05:40","date_gmt":"2013-09-23T19:05:40","guid":{"rendered":"http:\/\/bienvendupardan.com\/?page_id=447"},"modified":"2024-09-18T09:23:57","modified_gmt":"2024-09-18T13:23:57","slug":"partenaires","status":"publish","type":"page","link":"https:\/\/bienvendupardan.com\/en\/partenaires\/","title":{"rendered":"Partenaires"},"content":{"rendered":"<p><strong>Banque et<\/strong> <strong>D\u00e9marcheurs hypoth\u00e9caires<\/strong><\/p>\n<p>Johanne Duval : 450 464-3135 poste : 222 ( Banque Laurentienne )<\/p>\n<p>St\u00e9phane Vachon : 450 341-3322 ( Multi-Pr\u00eats )<\/p>\n<p>Richard Campbell : 450 446-0102\u00a0\u00a0 ( Hypoth\u00e9ca )<\/p>\n<p><strong>Notaires<\/strong><\/p>\n<p>Caroline Bernard 514 234-1101<\/p>\n<p>Benoit Rivest\u00a0: 450 467-0049<\/p>\n<p><strong>Inspecteurs<\/strong><\/p>\n<p>Maxime Lussier : 514 605-4265<\/p>\n<p>A.L. Inspection : 514 916-7079<\/p>\n<p>Multi-Inspections : Alain 450 905-2020 et 514 386-1422<\/p>\n<p>Inspec-Montr\u00e9al : 514 915-5393 ( Marc Rufiange )<\/p>\n<p><strong>Inspecteurs de chemin\u00e9e<\/strong><\/p>\n<p>Michel Gadbois : 514 289-9898<\/p>\n<p>Roy Chemin\u00e9es Services : 450 799-1777<\/p>\n<p>Toiture Rive-Sud : 514 975-3349<\/p>\n<p><strong>Arpenteurs<\/strong><\/p>\n<p>Mr Huet\u00a0: 450 467-0206<\/p>\n<p>Vital Roy\u00a0: 450 467-9329<\/p>\n<p><strong>Contracteurs menuisiers -peintre &#8211; r\u00e9novateur<\/strong><\/p>\n<p>Serge Fradette : 514 462-311<\/p>\n<p>Eric Hamel ( peintre ) 514 594-2492<\/p>\n<p>Construction Antoine Fournier : 438-886-6866<\/p>\n<p>Rock Bergeron : 514 821-6213<\/p>\n<p>Jean Phillipe Carpentier : 514 444-6160<\/p>\n<p><strong>Cuisiniste<\/strong><\/p>\n<p>Nancy Charbonneau : 450 779-1377 Design avec Panache , www.designavecpanache.com<\/p>\n<p>S.V. Plan Design, Sylviane Vincent 514 839-6205<\/p>\n<p>\u00c9coCuisine Design : Lyne Lalibert\u00e9 514 893-5367<\/p>\n<p><strong>\u00c9valuateurs<\/strong><\/p>\n<p>Guilbeault Expert Conseil\u00a0: 450 771-1299<\/p>\n<p>Evaluation A. Lague Inc. : \u00a0450 441-4399<\/p>\n<p>ABC \u00c9valuations , Alain Baillargeon : 450 864-0173<\/p>\n<p><strong>\u00a0Architecte<\/strong><\/p>\n<p>Hubert Chamberland\u00a0 : 450 467-8962<\/p>\n<p><strong>Test de Pyrite &#8211; Vermiculite &#8211; Sol &#8211; Ocre ferreuse &#8211; Moissisures\u00a0:<\/strong><\/p>\n<p>Pirytest : \u00a0514 990-206<\/p>\n<p>Pyrite expertise ; 514 726-3678<\/p>\n<p><strong>Test de radon<\/strong><\/p>\n<p>Radioprotection Inc. : 450 649-5213<\/p>\n<p>Les entreprises Jean Yves L\u00e9vesque : 514 919-3866<\/p>\n<p><strong>Contracteur en structures<\/strong><\/p>\n<p>Levitech : 514 710-8524<\/p>\n<p>Solage et plancher de b\u00e9ton\u00a0: 450 446-2288<\/p>\n<p>Fondatechnique : 450 464-0788<\/p>\n<p><strong>\u00c9lectricien<\/strong><\/p>\n<p>Denis Desere : 514 968-4311<\/p>\n<p>GPE : Geatan Plourde\u00a0 514 292-0077<\/p>\n<p><strong>Plombier<\/strong><\/p>\n<p>Plombomax Gendron Inc, Maxime Gendron, 514 779-9737<\/p>\n<p><strong>Avocat en immobilier<\/strong><\/p>\n<p>Francoise Roy :\u00a0514 354-3645<\/p>\n<p>St\u00e9phane Pag\u00e9 : 418 622-6699<\/p>\n<p><strong>Toitures<\/strong><\/p>\n<p>Claude Comptois : 514 269-5394<\/p>\n<p>Toitures Lever : 514 714-7664\u00a0\u00a0\u00a0\u00a0 450 714-3342<\/p>\n<p>Toiture Trudeau : 450 443-4150<\/p>\n<p><strong>Chauffage et climatisation<\/strong><\/p>\n<p>Thermoco : 450 464-2188<\/p>\n<p>RCT : 450 584-1200<\/p>\n<p>Refrig\u00e9ration Jean Pierre Arpin : 514 838-6574<\/p>\n<p>Les entreprises Jean Yves L\u00e9vesque : 514\u00a0 919-3866<\/p>\n<p><strong>Paysagement et d\u00e9neigement<\/strong><\/p>\n<p>Daniel Church : 514 942-2763<\/p>\n<p>Services paysagers Dominique Fillion : 450 653-0000<\/p>\n<p>Am\u00e9nagement paysager Goyer : 514 432-2371<\/p>\n<p><strong>Gestion Parasitaire-Odeur<\/strong><\/p>\n<p>Cannon Hyi\u00e8ne :\u00a0514 592-3985<\/p>\n<p>Exterminateur Maximum : 450 467-4169 ou 514 774-4169<\/p>\n<p><strong>Home Staging<\/strong><\/p>\n<p>Nancy Chabonneau 450 796-1377<\/p>\n<p>V\u00e9ronique Melancon 514 922-2517<\/p>\n<p>Marie Andr\u00e9e Audet : 514 347-5393<\/p>\n<p>Brigitte Roy : 514 963-2467<\/p>\n<p><strong>Fen\u00eatres thermos embu\u00e9es<\/strong><\/p>\n<p>D\u00e9sembuage Mont\u00e9r\u00e9gie :\u00a01 866 833-7608<\/p>\n<p><strong>Assurances Vie &#8211; Placements<\/strong><\/p>\n<p>Lise Gr\u00e9goire \u00a0: 514 219-5713<\/p>\n<p><strong>Service d&#8217;\u00e9mondage<\/strong> <strong>d&#8217;arbre et essouchage<\/strong><\/p>\n<p>\u00c9mondage T T : Mathieu et Maxime : 514 654-4228 ou 514 730-2664<\/p>\n<p>https:\/\/emondageprofessionnel.com\/<\/p>\n<p><strong>D\u00e9marcheurs hypoth\u00e9caires<\/strong><\/p>\n<p>Richard Campbell : 450 446-0102\u00a0\u00a0 ( Hypoth\u00e9ca )<\/p>\n<p>Chantal Rainville :\u00a0514 214-8717 ( \u00a0Caisse Populaire )<\/p>\n<p>Karim Ktiri : 514 608-2299 ( Planipret )<\/p>\n<p><strong>Notaires<\/strong><\/p>\n<p>Caroline Bernard 514 234-1101<\/p>\n<p>Benoit Rivest\u00a0: 450 467-0049<\/p>\n<p><strong>Inspecteurs<\/strong><\/p>\n<p>Maxime Lussier : 514 605-4265<\/p>\n<p>Inspection Summum : 438 393-0558 ( Richard Poulin )<\/p>\n<p>A.L. Inspection : 514 916-7079<\/p>\n<p>Multi-Inspections : Alain 450 905-2020 et 514 386-1422<\/p>\n<p>Inspec-Montr\u00e9al : 514 915-5393 ( Marc Rufiange )<\/p>\n<p><strong>Inspecteurs de chemin\u00e9e<\/strong><\/p>\n<p>Michel Gadbois : 514 289-9898<\/p>\n<p>Roy Chemin\u00e9es Services : 450 799-1777<\/p>\n<p>Toiture Rive-Sud : 514 975-3349<\/p>\n<p><strong>Arpenteurs<\/strong><\/p>\n<p>Mr Huet\u00a0: 450 467-0206<\/p>\n<p>Vital Roy\u00a0: 450 467-9329<\/p>\n<p><strong>Contracteurs menuisiers -peintre &#8211; r\u00e9novateur<\/strong><\/p>\n<p>Serge Fradette : 514 462-311<\/p>\n<p>Charles Perreault : 450 922-3277<\/p>\n<p>Eric Hamel ( peintre ) 514 594-2492<\/p>\n<p><strong>\u00c9valuateurs<\/strong><\/p>\n<p>Guilbeault Expert Conseil\u00a0: 450 771-1299<\/p>\n<p>Evaluation A. Lague Inc. : \u00a0450 441-4399<\/p>\n<p><strong>\u00a0Architecte<\/strong><\/p>\n<p>Hubert Chamberland\u00a0 : 450 467-8962<\/p>\n<p><strong>Test de Pyrite &#8211; Vermiculite &#8211; Sol &#8211; Ocre ferreuse &#8211; Moissisures\u00a0:<\/strong><\/p>\n<p>Pirytest : \u00a0514 990-206<\/p>\n<p>Pyrite expertise ; 514 726-3678<\/p>\n<p><strong>Test de radon<\/strong><\/p>\n<p>Radioprotection Inc. : 450 649-5213<\/p>\n<p>Les entreprises Jean Yves L\u00e9vesque : 514 919-3866<\/p>\n<p><strong>Contracteur en structures<\/strong><\/p>\n<p>Levitech : 514 710-8524<\/p>\n<p>Solage et plancher de b\u00e9ton\u00a0: 450 446-2288<\/p>\n<p><strong>\u00c9lectricien<\/strong><\/p>\n<p>Denis Desere : 514 968-4311<\/p>\n<p><strong>Avocat en immobilier<\/strong><\/p>\n<p>Francoise Roy :\u00a0514 354-3645<\/p>\n<p><strong>Toitures<\/strong><\/p>\n<p>Claude Comptois : 514 269-5394<\/p>\n<p>Toitures Lever : 514 714-7664\u00a0\u00a0\u00a0\u00a0 450 714-3342<\/p>\n<p>Les toitures STONEHENGE ( Toiture d&#8217;acier garantie 50 ans ) : 450 446 1500<\/p>\n<p>Toiture Trudeau : 450 443-4150<\/p>\n<p><strong>Chauffage et climatisation<\/strong><\/p>\n<p>Thermoco : 450 464-2188<\/p>\n<p>RCT : 450 584-1200<\/p>\n<p>Refrig\u00e9ration Jean Pierre Arpin : 514 838-6574<\/p>\n<p>Les entreprises Jean Yves L\u00e9vesque : 514\u00a0 919-3866<\/p>\n<p><strong>Paysagement et d\u00e9neigement<\/strong><\/p>\n<p>Daniel Church : 514 942-2763<\/p>\n<p>Services paysagers Dominique Fillion : 450 653-0000<\/p>\n<p>Am\u00e9nagement paysager Goyer : 514 432-2371<\/p>\n<p><strong>Gestion Parasitaire-Odeur<\/strong><\/p>\n<p>Cannon Hyi\u00e8ne :\u00a0514 592-3985<\/p>\n<p>Exterminateur Maximum : 450 467-4169 ou 514 774-4169<\/p>\n<p><strong>Home Staging<\/strong><\/p>\n<p>V\u00e9ronique Melancon 514 922-2517<\/p>\n<p>Marie Andr\u00e9e Audet : 514 347-5393<\/p>\n<p>Brigitte Roy : 514 963-2467<\/p>\n<p><strong>Fournisseur et installateur de fen\u00eatres<\/strong><\/p>\n<p>Jean Francois Morrissette : 514 995-6676<\/p>\n<p><strong>Fen\u00eatres thermos embu\u00e9es<\/strong><\/p>\n<p>D\u00e9sembuage Mont\u00e9r\u00e9gie :\u00a01 866 833-7608<\/p>\n<p><strong>Assurances Vie &#8211; Placements<\/strong><\/p>\n<p>Lise Gr\u00e9goire \u00a0: 514 219-5713<\/p>\n<p><strong>Service d&#8217;\u00e9mondage<\/strong> <strong>d&#8217;arbre et essouchage<\/strong><\/p>\n<p>\u00c9mondage T T : Mathieu et Maxime : 514 654-4228 ou 514 730-2664<\/p>\n<p>[<\/p>","protected":false},"excerpt":{"rendered":"<p>Banque et D\u00e9marcheurs hypoth\u00e9caires Johanne Duval : 450 464-3135 poste : 222 ( Banque Laurentienne ) St\u00e9phane Vachon : 450 341-3322 ( Multi-Pr\u00eats ) Richard Campbell : 450 446-0102\u00a0\u00a0 ( Hypoth\u00e9ca ) Notaires Caroline Bernard 514 234-1101 Benoit Rivest\u00a0: 450 467-0049 Inspecteurs Maxime Lussier : 514 605-4265 A.L. Inspection : 514 916-7079 Multi-Inspections : Alain [&hellip;]<\/p>\n","protected":false},"author":121,"featured_media":0,"parent":0,"menu_order":55,"comment_status":"open","ping_status":"open","template":"","meta":{"_acf_changed":false,"footnotes":""},"class_list":["post-447","page","type-page","status-publish","hentry"],"acf":[],"yoast_head":"<!-- This site is optimized with the Yoast SEO plugin v26.7 - https:\/\/yoast.com\/wordpress\/plugins\/seo\/ -->\n<title>Partenaires - Bien Vendu par Dan<\/title>\n<meta name=\"robots\" content=\"index, follow, max-snippet:-1, max-image-preview:large, max-video-preview:-1\" \/>\n<link rel=\"canonical\" href=\"https:\/\/bienvendupardan.com\/en\/partenaires\/\" \/>\n<meta property=\"og:locale\" content=\"en_US\" \/>\n<meta property=\"og:type\" content=\"article\" \/>\n<meta property=\"og:title\" content=\"Partenaires - Bien Vendu par Dan\" \/>\n<meta property=\"og:description\" content=\"Banque et D\u00e9marcheurs hypoth\u00e9caires Johanne Duval : 450 464-3135 poste : 222 ( Banque Laurentienne ) St\u00e9phane Vachon : 450 341-3322 ( Multi-Pr\u00eats ) Richard Campbell : 450 446-0102\u00a0\u00a0 ( Hypoth\u00e9ca ) Notaires Caroline Bernard 514 234-1101 Benoit Rivest\u00a0: 450 467-0049 Inspecteurs Maxime Lussier : 514 605-4265 A.L. Inspection : 514 916-7079 Multi-Inspections : Alain [&hellip;]\" \/>\n<meta property=\"og:url\" content=\"https:\/\/bienvendupardan.com\/en\/partenaires\/\" \/>\n<meta property=\"og:site_name\" content=\"Bien Vendu par Dan\" \/>\n<meta property=\"article:modified_time\" content=\"2024-09-18T13:23:57+00:00\" \/>\n<meta name=\"twitter:card\" content=\"summary_large_image\" \/>\n<meta name=\"twitter:label1\" content=\"Est. reading time\" \/>\n\t<meta name=\"twitter:data1\" content=\"2 minutes\" \/>\n<script type=\"application\/ld+json\" class=\"yoast-schema-graph\">{\"@context\":\"https:\/\/schema.org\",\"@graph\":[{\"@type\":\"WebPage\",\"@id\":\"https:\/\/bienvendupardan.com\/en\/partenaires\/\",\"url\":\"https:\/\/bienvendupardan.com\/en\/partenaires\/\",\"name\":\"Partenaires - Bien Vendu par Dan\",\"isPartOf\":{\"@id\":\"https:\/\/bienvendupardan.com\/#website\"},\"datePublished\":\"2013-09-23T19:05:40+00:00\",\"dateModified\":\"2024-09-18T13:23:57+00:00\",\"breadcrumb\":{\"@id\":\"https:\/\/bienvendupardan.com\/en\/partenaires\/#breadcrumb\"},\"inLanguage\":\"en-US\",\"potentialAction\":[{\"@type\":\"ReadAction\",\"target\":[\"https:\/\/bienvendupardan.com\/en\/partenaires\/\"]}]},{\"@type\":\"BreadcrumbList\",\"@id\":\"https:\/\/bienvendupardan.com\/en\/partenaires\/#breadcrumb\",\"itemListElement\":[{\"@type\":\"ListItem\",\"position\":1,\"name\":\"Accueil\",\"item\":\"https:\/\/bienvendupardan.com\/\"},{\"@type\":\"ListItem\",\"position\":2,\"name\":\"Partenaires\"}]},{\"@type\":\"WebSite\",\"@id\":\"https:\/\/bienvendupardan.com\/#website\",\"url\":\"https:\/\/bienvendupardan.com\/\",\"name\":\"Bien Vendu par Dan\",\"description\":\"Un site du r\u00e9seau Aliquando\",\"potentialAction\":[{\"@type\":\"SearchAction\",\"target\":{\"@type\":\"EntryPoint\",\"urlTemplate\":\"https:\/\/bienvendupardan.com\/?s={search_term_string}\"},\"query-input\":{\"@type\":\"PropertyValueSpecification\",\"valueRequired\":true,\"valueName\":\"search_term_string\"}}],\"inLanguage\":\"en-US\"}]}<\/script>\n<!-- \/ Yoast SEO plugin. -->","yoast_head_json":{"title":"Partenaires - Bien Vendu par Dan","robots":{"index":"index","follow":"follow","max-snippet":"max-snippet:-1","max-image-preview":"max-image-preview:large","max-video-preview":"max-video-preview:-1"},"canonical":"https:\/\/bienvendupardan.com\/en\/partenaires\/","og_locale":"en_US","og_type":"article","og_title":"Partenaires - Bien Vendu par Dan","og_description":"Banque et D\u00e9marcheurs hypoth\u00e9caires Johanne Duval : 450 464-3135 poste : 222 ( Banque Laurentienne ) St\u00e9phane Vachon : 450 341-3322 ( Multi-Pr\u00eats ) Richard Campbell : 450 446-0102\u00a0\u00a0 ( Hypoth\u00e9ca ) Notaires Caroline Bernard 514 234-1101 Benoit Rivest\u00a0: 450 467-0049 Inspecteurs Maxime Lussier : 514 605-4265 A.L. Inspection : 514 916-7079 Multi-Inspections : Alain [&hellip;]","og_url":"https:\/\/bienvendupardan.com\/en\/partenaires\/","og_site_name":"Bien Vendu par Dan","article_modified_time":"2024-09-18T13:23:57+00:00","twitter_card":"summary_large_image","twitter_misc":{"Est. reading time":"2 minutes"},"schema":{"@context":"https:\/\/schema.org","@graph":[{"@type":"WebPage","@id":"https:\/\/bienvendupardan.com\/en\/partenaires\/","url":"https:\/\/bienvendupardan.com\/en\/partenaires\/","name":"Partenaires - Bien Vendu par Dan","isPartOf":{"@id":"https:\/\/bienvendupardan.com\/#website"},"datePublished":"2013-09-23T19:05:40+00:00","dateModified":"2024-09-18T13:23:57+00:00","breadcrumb":{"@id":"https:\/\/bienvendupardan.com\/en\/partenaires\/#breadcrumb"},"inLanguage":"en-US","potentialAction":[{"@type":"ReadAction","target":["https:\/\/bienvendupardan.com\/en\/partenaires\/"]}]},{"@type":"BreadcrumbList","@id":"https:\/\/bienvendupardan.com\/en\/partenaires\/#breadcrumb","itemListElement":[{"@type":"ListItem","position":1,"name":"Accueil","item":"https:\/\/bienvendupardan.com\/"},{"@type":"ListItem","position":2,"name":"Partenaires"}]},{"@type":"WebSite","@id":"https:\/\/bienvendupardan.com\/#website","url":"https:\/\/bienvendupardan.com\/","name":"Bien Vendu par Dan","description":"Un site du r\u00e9seau Aliquando","potentialAction":[{"@type":"SearchAction","target":{"@type":"EntryPoint","urlTemplate":"https:\/\/bienvendupardan.com\/?s={search_term_string}"},"query-input":{"@type":"PropertyValueSpecification","valueRequired":true,"valueName":"search_term_string"}}],"inLanguage":"en-US"}]}},"_links":{"self":[{"href":"https:\/\/bienvendupardan.com\/en\/wp-json\/wp\/v2\/pages\/447","targetHints":{"allow":["GET"]}}],"collection":[{"href":"https:\/\/bienvendupardan.com\/en\/wp-json\/wp\/v2\/pages"}],"about":[{"href":"https:\/\/bienvendupardan.com\/en\/wp-json\/wp\/v2\/types\/page"}],"author":[{"embeddable":true,"href":"https:\/\/bienvendupardan.com\/en\/wp-json\/wp\/v2\/users\/121"}],"replies":[{"embeddable":true,"href":"https:\/\/bienvendupardan.com\/en\/wp-json\/wp\/v2\/comments?post=447"}],"version-history":[{"count":2,"href":"https:\/\/bienvendupardan.com\/en\/wp-json\/wp\/v2\/pages\/447\/revisions"}],"predecessor-version":[{"id":1030,"href":"https:\/\/bienvendupardan.com\/en\/wp-json\/wp\/v2\/pages\/447\/revisions\/1030"}],"wp:attachment":[{"href":"https:\/\/bienvendupardan.com\/en\/wp-json\/wp\/v2\/media?parent=447"}],"curies":[{"name":"wp","href":"https:\/\/api.w.org\/{rel}","templated":true}]}}