{"id":456,"date":"2013-09-24T08:31:53","date_gmt":"2013-09-24T12:31:53","guid":{"rendered":"http:\/\/bienvendupardan.com\/?page_id=456"},"modified":"2019-06-12T15:54:45","modified_gmt":"2019-06-12T19:54:45","slug":"pourquoi","status":"publish","type":"page","link":"https:\/\/bienvendupardan.com\/en\/pourquoi\/","title":{"rendered":"Why Use My Services"},"content":{"rendered":"<p>Only in french<\/p>\n<p><strong>Pourquoi faire affaire avec un courtier pour vendre<\/strong><\/p>\n<p>Parce qu&#8217;immobilier rime avec complexit\u00e9 et que les sommes en jeu sont importantes. Gr\u00e2ce \u00e0 son statut de professionnel, un courtier immobilier peut vous aider \u00e0 cheminer au cours de cette importante transaction et vous \u00e9viter de commettre des erreurs dispendieuses.<\/p>\n<p><strong>Voici quelques bonnes raisons de faire affaire avec un courtier immobilier:<\/strong><\/p>\n<ul>\n<li>Il a suivi une formation professionnelle offerte par diff\u00e9rents \u00e9tablissements reconnus, comme le Coll\u00e8ge de l&#8217;immobilier du Qu\u00e9bec.<\/li>\n<li>Il a re\u00e7u une formation en <strong>droit<\/strong>, en<strong> \u00e9valuation immobili\u00e8re<\/strong>, en <strong>math\u00e9matiques immobili\u00e8res<\/strong> et en <strong>r\u00e9daction de contrats<\/strong>, de m\u00eame que sur la<strong> Loi sur le courtage immobilier<\/strong>.<\/li>\n<li><strong>Fin n\u00e9gociateur<\/strong>, il se d\u00e9marque par ses nombreuses comp\u00e9tences et son vaste <strong>r\u00e9seau de contacts<\/strong>, agissant presque comme guichet unique!<\/li>\n<li>Il sait <strong>diriger ses clients<\/strong> vers les bonnes <strong>personnes-ressources<\/strong>, qu&#8217;il s&#8217;agisse de l&#8217;inspecteur en b\u00e2timent ,du courtier hypoth\u00e9caire, notaire, arpenteur, sp\u00e9cialiste en test de sol, etc&#8230;<\/li>\n<li>Il a <strong>acc\u00e8s au syst\u00e8me MLS\u00ae,<\/strong> l&#8217;outil le plus important et le plus puissant qui fait en sorte que plus de 9 000 courtiers immobiliers travaillent pour vous!<\/li>\n<li>Il agit comme<strong> interm\u00e9diaire entre les parties<\/strong> pour assurer une <strong>fluidit\u00e9 dans la transaction<\/strong> et ainsi de garantir\u00a0le r\u00e9sultat final jusqu&#8217;a l&#8217;acte de vente.<\/li>\n<li>De plus il poss\u00e8de une <strong>assurance responsabilit\u00e9e contre erreurs et omissions<\/strong>.<\/li>\n<li>Il assurera le <strong>suivie du client apr\u00e8s la vente<\/strong> pour toutes questions ou probl\u00eame avec la propri\u00e9t\u00e9.<\/li>\n<\/ul>\n<p>En recourant aux services d&#8217;un courtier, vous vous assurez <strong>professionnalisme<\/strong> et tranquillit\u00e9 d&#8217;esprit!<\/p>","protected":false},"excerpt":{"rendered":"<p>Only in french Pourquoi faire affaire avec un courtier pour vendre Parce qu&#8217;immobilier rime avec complexit\u00e9 et que les sommes en jeu sont importantes. Gr\u00e2ce \u00e0 son statut de professionnel, un courtier immobilier peut vous aider \u00e0 cheminer au cours de cette importante transaction et vous \u00e9viter de commettre des erreurs dispendieuses. Voici quelques bonnes [&hellip;]<\/p>\n","protected":false},"author":121,"featured_media":0,"parent":0,"menu_order":0,"comment_status":"open","ping_status":"open","template":"","meta":{"_acf_changed":false,"footnotes":""},"class_list":["post-456","page","type-page","status-publish","hentry"],"acf":[],"yoast_head":"<!-- This site is optimized with the Yoast SEO plugin v26.7 - https:\/\/yoast.com\/wordpress\/plugins\/seo\/ -->\n<title>Why Use My Services - Bien Vendu par Dan<\/title>\n<meta name=\"robots\" content=\"index, follow, max-snippet:-1, max-image-preview:large, max-video-preview:-1\" \/>\n<link rel=\"canonical\" href=\"https:\/\/bienvendupardan.com\/pourquoi\/\" \/>\n<meta property=\"og:locale\" content=\"en_US\" \/>\n<meta property=\"og:type\" content=\"article\" \/>\n<meta property=\"og:title\" content=\"Why Use My Services - Bien Vendu par Dan\" \/>\n<meta property=\"og:description\" content=\"Only in french Pourquoi faire affaire avec un courtier pour vendre Parce qu&#8217;immobilier rime avec complexit\u00e9 et que les sommes en jeu sont importantes. Gr\u00e2ce \u00e0 son statut de professionnel, un courtier immobilier peut vous aider \u00e0 cheminer au cours de cette importante transaction et vous \u00e9viter de commettre des erreurs dispendieuses. Voici quelques bonnes [&hellip;]\" \/>\n<meta property=\"og:url\" content=\"https:\/\/bienvendupardan.com\/pourquoi\/\" \/>\n<meta property=\"og:site_name\" content=\"Bien Vendu par Dan\" \/>\n<meta property=\"article:modified_time\" content=\"2019-06-12T19:54:45+00:00\" \/>\n<meta name=\"twitter:card\" content=\"summary_large_image\" \/>\n<meta name=\"twitter:label1\" content=\"Est. reading time\" \/>\n\t<meta name=\"twitter:data1\" content=\"3 minutes\" \/>\n<script type=\"application\/ld+json\" class=\"yoast-schema-graph\">{\"@context\":\"https:\/\/schema.org\",\"@graph\":[{\"@type\":\"WebPage\",\"@id\":\"https:\/\/bienvendupardan.com\/pourquoi\/\",\"url\":\"https:\/\/bienvendupardan.com\/pourquoi\/\",\"name\":\"[:fr]Pourquoi utiliser mes services[:en]Why Use My Services[:] - Bien Vendu par Dan\",\"isPartOf\":{\"@id\":\"https:\/\/bienvendupardan.com\/#website\"},\"datePublished\":\"2013-09-24T12:31:53+00:00\",\"dateModified\":\"2019-06-12T19:54:45+00:00\",\"breadcrumb\":{\"@id\":\"https:\/\/bienvendupardan.com\/pourquoi\/#breadcrumb\"},\"inLanguage\":\"en-US\",\"potentialAction\":[{\"@type\":\"ReadAction\",\"target\":[\"https:\/\/bienvendupardan.com\/pourquoi\/\"]}]},{\"@type\":\"BreadcrumbList\",\"@id\":\"https:\/\/bienvendupardan.com\/pourquoi\/#breadcrumb\",\"itemListElement\":[{\"@type\":\"ListItem\",\"position\":1,\"name\":\"Accueil\",\"item\":\"https:\/\/bienvendupardan.com\/\"},{\"@type\":\"ListItem\",\"position\":2,\"name\":\"Pourquoi utiliser mes services\"}]},{\"@type\":\"WebSite\",\"@id\":\"https:\/\/bienvendupardan.com\/#website\",\"url\":\"https:\/\/bienvendupardan.com\/\",\"name\":\"Bien Vendu par Dan\",\"description\":\"Un site du r\u00e9seau Aliquando\",\"potentialAction\":[{\"@type\":\"SearchAction\",\"target\":{\"@type\":\"EntryPoint\",\"urlTemplate\":\"https:\/\/bienvendupardan.com\/?s={search_term_string}\"},\"query-input\":{\"@type\":\"PropertyValueSpecification\",\"valueRequired\":true,\"valueName\":\"search_term_string\"}}],\"inLanguage\":\"en-US\"}]}<\/script>\n<!-- \/ Yoast SEO plugin. -->","yoast_head_json":{"title":"Why Use My Services - Bien Vendu par Dan","robots":{"index":"index","follow":"follow","max-snippet":"max-snippet:-1","max-image-preview":"max-image-preview:large","max-video-preview":"max-video-preview:-1"},"canonical":"https:\/\/bienvendupardan.com\/pourquoi\/","og_locale":"en_US","og_type":"article","og_title":"Why Use My Services - Bien Vendu par Dan","og_description":"Only in french Pourquoi faire affaire avec un courtier pour vendre Parce qu&#8217;immobilier rime avec complexit\u00e9 et que les sommes en jeu sont importantes. Gr\u00e2ce \u00e0 son statut de professionnel, un courtier immobilier peut vous aider \u00e0 cheminer au cours de cette importante transaction et vous \u00e9viter de commettre des erreurs dispendieuses. Voici quelques bonnes [&hellip;]","og_url":"https:\/\/bienvendupardan.com\/pourquoi\/","og_site_name":"Bien Vendu par Dan","article_modified_time":"2019-06-12T19:54:45+00:00","twitter_card":"summary_large_image","twitter_misc":{"Est. reading time":"3 minutes"},"schema":{"@context":"https:\/\/schema.org","@graph":[{"@type":"WebPage","@id":"https:\/\/bienvendupardan.com\/pourquoi\/","url":"https:\/\/bienvendupardan.com\/pourquoi\/","name":"[:fr]Pourquoi utiliser mes services[:en]Why Use My Services[:] - Bien Vendu par Dan","isPartOf":{"@id":"https:\/\/bienvendupardan.com\/#website"},"datePublished":"2013-09-24T12:31:53+00:00","dateModified":"2019-06-12T19:54:45+00:00","breadcrumb":{"@id":"https:\/\/bienvendupardan.com\/pourquoi\/#breadcrumb"},"inLanguage":"en-US","potentialAction":[{"@type":"ReadAction","target":["https:\/\/bienvendupardan.com\/pourquoi\/"]}]},{"@type":"BreadcrumbList","@id":"https:\/\/bienvendupardan.com\/pourquoi\/#breadcrumb","itemListElement":[{"@type":"ListItem","position":1,"name":"Accueil","item":"https:\/\/bienvendupardan.com\/"},{"@type":"ListItem","position":2,"name":"Pourquoi utiliser mes services"}]},{"@type":"WebSite","@id":"https:\/\/bienvendupardan.com\/#website","url":"https:\/\/bienvendupardan.com\/","name":"Bien Vendu par Dan","description":"Un site du r\u00e9seau Aliquando","potentialAction":[{"@type":"SearchAction","target":{"@type":"EntryPoint","urlTemplate":"https:\/\/bienvendupardan.com\/?s={search_term_string}"},"query-input":{"@type":"PropertyValueSpecification","valueRequired":true,"valueName":"search_term_string"}}],"inLanguage":"en-US"}]}},"_links":{"self":[{"href":"https:\/\/bienvendupardan.com\/en\/wp-json\/wp\/v2\/pages\/456","targetHints":{"allow":["GET"]}}],"collection":[{"href":"https:\/\/bienvendupardan.com\/en\/wp-json\/wp\/v2\/pages"}],"about":[{"href":"https:\/\/bienvendupardan.com\/en\/wp-json\/wp\/v2\/types\/page"}],"author":[{"embeddable":true,"href":"https:\/\/bienvendupardan.com\/en\/wp-json\/wp\/v2\/users\/121"}],"replies":[{"embeddable":true,"href":"https:\/\/bienvendupardan.com\/en\/wp-json\/wp\/v2\/comments?post=456"}],"version-history":[{"count":3,"href":"https:\/\/bienvendupardan.com\/en\/wp-json\/wp\/v2\/pages\/456\/revisions"}],"predecessor-version":[{"id":985,"href":"https:\/\/bienvendupardan.com\/en\/wp-json\/wp\/v2\/pages\/456\/revisions\/985"}],"wp:attachment":[{"href":"https:\/\/bienvendupardan.com\/en\/wp-json\/wp\/v2\/media?parent=456"}],"curies":[{"name":"wp","href":"https:\/\/api.w.org\/{rel}","templated":true}]}}