{"id":459,"date":"2013-09-24T08:34:12","date_gmt":"2013-09-24T12:34:12","guid":{"rendered":"http:\/\/bienvendupardan.com\/?page_id=459"},"modified":"2016-10-22T11:51:18","modified_gmt":"2016-10-22T15:51:18","slug":"programme-de-referencement","status":"publish","type":"page","link":"https:\/\/bienvendupardan.com\/en\/pourquoi\/programme-de-referencement\/","title":{"rendered":"Programme de r\u00e9f\u00e9rencement"},"content":{"rendered":"<h2><strong>Programme de r\u00e9f\u00e9rencement<\/strong><\/h2>\n<ul>\n<li>Depuis d\u00e9j\u00e0 quelques ann\u00e9es, je remarque que ma pratique grandit gr\u00e2ce \u00e0 vos r\u00e9f\u00e9rences.<\/li>\n<li><\/li>\n<li>Pour vous remercier, je vous remettrai un certificat cadeau ( de l&#8217;\u00e9tablissement de votre choix ) au montant de $\u00a0100 pour chaque acheteur ou vendeur r\u00e9f\u00e9r\u00e9 qui aura notari\u00e9 via mes services. ( Si je l&#8217;oublie par m\u00e9garde, svp ne pas oublier de me le faire penser ) .<\/li>\n<li><\/li>\n<li>Dites \u00e0 vos amis et connaissance qu&#8217;ils ont \u00e9t\u00e9 r\u00e9f\u00e9r\u00e9s par vous, simplement.<\/li>\n<li><\/li>\n<li>Mon \u00e9quipe et moi s&#8217;engageons \u00e0 poursuivre vers un service et r\u00e9sultat optimal.<\/li>\n<\/ul>\n<p><em>\u00a0Sinc\u00e8rement\u00a0\u00e0 votre service<\/em><\/p>\n<p><strong>\u00a0Daniel Pag\u00e9\u00a0<\/strong><\/p>\n","protected":false},"excerpt":{"rendered":"<p>Programme de r\u00e9f\u00e9rencement Depuis d\u00e9j\u00e0 quelques ann\u00e9es, je remarque que ma pratique grandit gr\u00e2ce \u00e0 vos r\u00e9f\u00e9rences. Pour vous remercier, je vous remettrai un certificat cadeau ( de l&#8217;\u00e9tablissement de votre choix ) au montant de $\u00a0100 pour chaque acheteur ou vendeur r\u00e9f\u00e9r\u00e9 qui aura notari\u00e9 via mes services. ( Si je l&#8217;oublie par m\u00e9garde, [&hellip;]<\/p>\n","protected":false},"author":121,"featured_media":0,"parent":456,"menu_order":0,"comment_status":"open","ping_status":"open","template":"","meta":{"_acf_changed":false,"footnotes":""},"class_list":["post-459","page","type-page","status-publish","hentry"],"acf":[],"yoast_head":"<!-- This site is optimized with the Yoast SEO plugin v26.7 - https:\/\/yoast.com\/wordpress\/plugins\/seo\/ -->\n<title>Programme de r\u00e9f\u00e9rencement - Bien Vendu par Dan<\/title>\n<meta name=\"robots\" content=\"index, follow, max-snippet:-1, max-image-preview:large, max-video-preview:-1\" \/>\n<link rel=\"canonical\" href=\"https:\/\/bienvendupardan.com\/pourquoi\/programme-de-referencement\/\" \/>\n<meta property=\"og:locale\" content=\"en_US\" \/>\n<meta property=\"og:type\" content=\"article\" \/>\n<meta property=\"og:title\" content=\"Programme de r\u00e9f\u00e9rencement - Bien Vendu par Dan\" \/>\n<meta property=\"og:description\" content=\"Programme de r\u00e9f\u00e9rencement Depuis d\u00e9j\u00e0 quelques ann\u00e9es, je remarque que ma pratique grandit gr\u00e2ce \u00e0 vos r\u00e9f\u00e9rences. Pour vous remercier, je vous remettrai un certificat cadeau ( de l&#8217;\u00e9tablissement de votre choix ) au montant de $\u00a0100 pour chaque acheteur ou vendeur r\u00e9f\u00e9r\u00e9 qui aura notari\u00e9 via mes services. ( Si je l&#8217;oublie par m\u00e9garde, [&hellip;]\" \/>\n<meta property=\"og:url\" content=\"https:\/\/bienvendupardan.com\/pourquoi\/programme-de-referencement\/\" \/>\n<meta property=\"og:site_name\" content=\"Bien Vendu par Dan\" \/>\n<meta property=\"article:modified_time\" content=\"2016-10-22T15:51:18+00:00\" \/>\n<meta name=\"twitter:card\" content=\"summary_large_image\" \/>\n<meta name=\"twitter:label1\" content=\"Est. reading time\" \/>\n\t<meta name=\"twitter:data1\" content=\"1 minute\" \/>\n<script type=\"application\/ld+json\" class=\"yoast-schema-graph\">{\"@context\":\"https:\/\/schema.org\",\"@graph\":[{\"@type\":\"WebPage\",\"@id\":\"https:\/\/bienvendupardan.com\/pourquoi\/programme-de-referencement\/\",\"url\":\"https:\/\/bienvendupardan.com\/pourquoi\/programme-de-referencement\/\",\"name\":\"Programme de r\u00e9f\u00e9rencement - Bien Vendu par Dan\",\"isPartOf\":{\"@id\":\"https:\/\/bienvendupardan.com\/#website\"},\"datePublished\":\"2013-09-24T12:34:12+00:00\",\"dateModified\":\"2016-10-22T15:51:18+00:00\",\"breadcrumb\":{\"@id\":\"https:\/\/bienvendupardan.com\/pourquoi\/programme-de-referencement\/#breadcrumb\"},\"inLanguage\":\"en-US\",\"potentialAction\":[{\"@type\":\"ReadAction\",\"target\":[\"https:\/\/bienvendupardan.com\/pourquoi\/programme-de-referencement\/\"]}]},{\"@type\":\"BreadcrumbList\",\"@id\":\"https:\/\/bienvendupardan.com\/pourquoi\/programme-de-referencement\/#breadcrumb\",\"itemListElement\":[{\"@type\":\"ListItem\",\"position\":1,\"name\":\"Accueil\",\"item\":\"https:\/\/bienvendupardan.com\/\"},{\"@type\":\"ListItem\",\"position\":2,\"name\":\"Pourquoi utiliser mes services\",\"item\":\"https:\/\/bienvendupardan.com\/pourquoi\/\"},{\"@type\":\"ListItem\",\"position\":3,\"name\":\"Programme de r\u00e9f\u00e9rencement\"}]},{\"@type\":\"WebSite\",\"@id\":\"https:\/\/bienvendupardan.com\/#website\",\"url\":\"https:\/\/bienvendupardan.com\/\",\"name\":\"Bien Vendu par Dan\",\"description\":\"Un site du r\u00e9seau Aliquando\",\"potentialAction\":[{\"@type\":\"SearchAction\",\"target\":{\"@type\":\"EntryPoint\",\"urlTemplate\":\"https:\/\/bienvendupardan.com\/?s={search_term_string}\"},\"query-input\":{\"@type\":\"PropertyValueSpecification\",\"valueRequired\":true,\"valueName\":\"search_term_string\"}}],\"inLanguage\":\"en-US\"}]}<\/script>\n<!-- \/ Yoast SEO plugin. -->","yoast_head_json":{"title":"Programme de r\u00e9f\u00e9rencement - Bien Vendu par Dan","robots":{"index":"index","follow":"follow","max-snippet":"max-snippet:-1","max-image-preview":"max-image-preview:large","max-video-preview":"max-video-preview:-1"},"canonical":"https:\/\/bienvendupardan.com\/pourquoi\/programme-de-referencement\/","og_locale":"en_US","og_type":"article","og_title":"Programme de r\u00e9f\u00e9rencement - Bien Vendu par Dan","og_description":"Programme de r\u00e9f\u00e9rencement Depuis d\u00e9j\u00e0 quelques ann\u00e9es, je remarque que ma pratique grandit gr\u00e2ce \u00e0 vos r\u00e9f\u00e9rences. Pour vous remercier, je vous remettrai un certificat cadeau ( de l&#8217;\u00e9tablissement de votre choix ) au montant de $\u00a0100 pour chaque acheteur ou vendeur r\u00e9f\u00e9r\u00e9 qui aura notari\u00e9 via mes services. ( Si je l&#8217;oublie par m\u00e9garde, [&hellip;]","og_url":"https:\/\/bienvendupardan.com\/pourquoi\/programme-de-referencement\/","og_site_name":"Bien Vendu par Dan","article_modified_time":"2016-10-22T15:51:18+00:00","twitter_card":"summary_large_image","twitter_misc":{"Est. reading time":"1 minute"},"schema":{"@context":"https:\/\/schema.org","@graph":[{"@type":"WebPage","@id":"https:\/\/bienvendupardan.com\/pourquoi\/programme-de-referencement\/","url":"https:\/\/bienvendupardan.com\/pourquoi\/programme-de-referencement\/","name":"Programme de r\u00e9f\u00e9rencement - Bien Vendu par Dan","isPartOf":{"@id":"https:\/\/bienvendupardan.com\/#website"},"datePublished":"2013-09-24T12:34:12+00:00","dateModified":"2016-10-22T15:51:18+00:00","breadcrumb":{"@id":"https:\/\/bienvendupardan.com\/pourquoi\/programme-de-referencement\/#breadcrumb"},"inLanguage":"en-US","potentialAction":[{"@type":"ReadAction","target":["https:\/\/bienvendupardan.com\/pourquoi\/programme-de-referencement\/"]}]},{"@type":"BreadcrumbList","@id":"https:\/\/bienvendupardan.com\/pourquoi\/programme-de-referencement\/#breadcrumb","itemListElement":[{"@type":"ListItem","position":1,"name":"Accueil","item":"https:\/\/bienvendupardan.com\/"},{"@type":"ListItem","position":2,"name":"Pourquoi utiliser mes services","item":"https:\/\/bienvendupardan.com\/pourquoi\/"},{"@type":"ListItem","position":3,"name":"Programme de r\u00e9f\u00e9rencement"}]},{"@type":"WebSite","@id":"https:\/\/bienvendupardan.com\/#website","url":"https:\/\/bienvendupardan.com\/","name":"Bien Vendu par Dan","description":"Un site du r\u00e9seau Aliquando","potentialAction":[{"@type":"SearchAction","target":{"@type":"EntryPoint","urlTemplate":"https:\/\/bienvendupardan.com\/?s={search_term_string}"},"query-input":{"@type":"PropertyValueSpecification","valueRequired":true,"valueName":"search_term_string"}}],"inLanguage":"en-US"}]}},"_links":{"self":[{"href":"https:\/\/bienvendupardan.com\/en\/wp-json\/wp\/v2\/pages\/459","targetHints":{"allow":["GET"]}}],"collection":[{"href":"https:\/\/bienvendupardan.com\/en\/wp-json\/wp\/v2\/pages"}],"about":[{"href":"https:\/\/bienvendupardan.com\/en\/wp-json\/wp\/v2\/types\/page"}],"author":[{"embeddable":true,"href":"https:\/\/bienvendupardan.com\/en\/wp-json\/wp\/v2\/users\/121"}],"replies":[{"embeddable":true,"href":"https:\/\/bienvendupardan.com\/en\/wp-json\/wp\/v2\/comments?post=459"}],"version-history":[{"count":3,"href":"https:\/\/bienvendupardan.com\/en\/wp-json\/wp\/v2\/pages\/459\/revisions"}],"predecessor-version":[{"id":873,"href":"https:\/\/bienvendupardan.com\/en\/wp-json\/wp\/v2\/pages\/459\/revisions\/873"}],"up":[{"embeddable":true,"href":"https:\/\/bienvendupardan.com\/en\/wp-json\/wp\/v2\/pages\/456"}],"wp:attachment":[{"href":"https:\/\/bienvendupardan.com\/en\/wp-json\/wp\/v2\/media?parent=459"}],"curies":[{"name":"wp","href":"https:\/\/api.w.org\/{rel}","templated":true}]}}