{"id":482,"date":"2013-09-24T08:59:26","date_gmt":"2013-09-24T12:59:26","guid":{"rendered":"http:\/\/bienvendupardan.com\/?page_id=482"},"modified":"2017-05-14T08:48:31","modified_gmt":"2017-05-14T12:48:31","slug":"pourquoi-je-peux-faire-la-difference","status":"publish","type":"page","link":"https:\/\/bienvendupardan.com\/en\/pourquoi\/pourquoi-je-peux-faire-la-difference\/","title":{"rendered":"Pourquoi je peux faire la diff\u00e9rence"},"content":{"rendered":"<h2><\/h2>\n<p>Ayant plus de vingt ans d&#8217;exp\u00e9rience \u00e0 n\u00e9gocier divers contrats dans le domaine de la construction, je pourrai certainement vous \u00e9pauler lors de l&#8217;achat ou la vente de votre propri\u00e9t\u00e9.<\/p>\n<p>Confiez-moi le mandat de n\u00e9gocier les meilleures conditions ainsi que le prix (de vente ou d&#8217;achat) de votre r\u00e9sidence.<\/p>\n<p>Obtenez une visibilit\u00e9 sur MLS &#8211; SIA &#8211; Centris &#8211; Vendirect.ca &#8211; BienVenduParDan.com &#8211; PubliMaison &#8211; LesPacs &#8211; KiJii &#8211; Facebook &#8211; \u00a0et plusieurs autres &#8230;<\/p>\n<p>Publicit\u00e9 t\u00e9l\u00e9 de notre agence pour assurer une visibilit\u00e9 de notre site web pour les vendeurs et attirer les acheteurs.<\/p>\n<p>Profitez de plusieurs avantages dont mes nouvelles PHOTOS SEMI-A\u00c9RIENNES DE LA FA\u00c7ADE EXCLUSIVES ( voir conditions ) ainsi que :<\/p>\n<ul>\n<li>Une offre de service unique avec des taux de courtage plus que comp\u00e9titifs.<\/li>\n<\/ul>\n<p>Avec Vendirect vous avez votre chance de faire votre propre publicit\u00e9 via des annonces dans les journaux, sur des sites Web ou autres et de peut \u00eatre avoir la chance de trouver vous m\u00eame votre acheteur.<\/p>\n<ul>\n<li>\u00c9pargner beaucoup sur la commission si vous trouvez l&#8217;acheteur *\u00a0. Nous ferons les papiers l\u00e9gaux et nous vous conseillerons , seront pr\u00e9sent \u00e0 l&#8217;inspection pour rassurer l&#8217;acheteur et aussi chez le notaire .<\/li>\n<li><\/li>\n<li>Mes d\u00e9marcheurs hypoth\u00e9caires avec les meilleurs taux et les meilleures conditions. Ils vous garantiront un meilleur taux que votre propre institution et un meilleur service ( Ils se d\u00e9placent et travaillent avec plusieurs banques et caisses en les mettant en comp\u00e9tition).<\/li>\n<li><\/li>\n<li>La recherche de propri\u00e9t\u00e9 avec vos crit\u00e8res pr\u00e9cis via notre serveur\u2019\u2019 MATRIX\u2019\u2019 le plus performant actuellement.<\/li>\n<li><\/li>\n<li>Plusieurs contacts dans le domaine de la construction et r\u00e9novation pour vous aider dans vos projets.<\/li>\n<li><\/li>\n<li>R\u00e9f\u00e9rences de mes clients disponibles.<\/li>\n<li><\/li>\n<li>Ce n&#8217;est pas de vendre qui est complexe, mais plut\u00f4t de r\u00e9unir toutes les conditions gagnantes pour r\u00e9ussir \u00e0 faire acheter votre propri\u00e9t\u00e9 aux meilleurs conditions.<\/li>\n<\/ul>\n<p><em> Dans l&#8217;espoir sinc\u00e8re de vous aider, confiez-moi\u00a0ce mandat en toute confiance.<\/em><\/p>\n<p><strong>Daniel Pag\u00e9<\/strong><br \/>\ncel.: 514 239-4530<\/p>\n<p>* sur certaine conditions \u00e0 discuter ensemble.<\/p>\n","protected":false},"excerpt":{"rendered":"<p>Ayant plus de vingt ans d&#8217;exp\u00e9rience \u00e0 n\u00e9gocier divers contrats dans le domaine de la construction, je pourrai certainement vous \u00e9pauler lors de l&#8217;achat ou la vente de votre propri\u00e9t\u00e9. Confiez-moi le mandat de n\u00e9gocier les meilleures conditions ainsi que le prix (de vente ou d&#8217;achat) de votre r\u00e9sidence. Obtenez une visibilit\u00e9 sur MLS &#8211; [&hellip;]<\/p>\n","protected":false},"author":121,"featured_media":0,"parent":456,"menu_order":0,"comment_status":"open","ping_status":"open","template":"","meta":{"_acf_changed":false,"footnotes":""},"class_list":["post-482","page","type-page","status-publish","hentry"],"acf":[],"yoast_head":"<!-- This site is optimized with the Yoast SEO plugin v26.7 - https:\/\/yoast.com\/wordpress\/plugins\/seo\/ -->\n<title>Pourquoi je peux faire la diff\u00e9rence - Bien Vendu par Dan<\/title>\n<meta name=\"robots\" content=\"index, follow, max-snippet:-1, max-image-preview:large, max-video-preview:-1\" \/>\n<link rel=\"canonical\" href=\"https:\/\/bienvendupardan.com\/en\/pourquoi\/pourquoi-je-peux-faire-la-difference\/\" \/>\n<meta property=\"og:locale\" content=\"en_US\" \/>\n<meta property=\"og:type\" content=\"article\" \/>\n<meta property=\"og:title\" content=\"Pourquoi je peux faire la diff\u00e9rence - Bien Vendu par Dan\" \/>\n<meta property=\"og:description\" content=\"Ayant plus de vingt ans d&#8217;exp\u00e9rience \u00e0 n\u00e9gocier divers contrats dans le domaine de la construction, je pourrai certainement vous \u00e9pauler lors de l&#8217;achat ou la vente de votre propri\u00e9t\u00e9. Confiez-moi le mandat de n\u00e9gocier les meilleures conditions ainsi que le prix (de vente ou d&#8217;achat) de votre r\u00e9sidence. Obtenez une visibilit\u00e9 sur MLS &#8211; [&hellip;]\" \/>\n<meta property=\"og:url\" content=\"https:\/\/bienvendupardan.com\/en\/pourquoi\/pourquoi-je-peux-faire-la-difference\/\" \/>\n<meta property=\"og:site_name\" content=\"Bien Vendu par Dan\" \/>\n<meta property=\"article:modified_time\" content=\"2017-05-14T12:48:31+00:00\" \/>\n<meta name=\"twitter:card\" content=\"summary_large_image\" \/>\n<meta name=\"twitter:label1\" content=\"Est. reading time\" \/>\n\t<meta name=\"twitter:data1\" content=\"2 minutes\" \/>\n<script type=\"application\/ld+json\" class=\"yoast-schema-graph\">{\"@context\":\"https:\/\/schema.org\",\"@graph\":[{\"@type\":\"WebPage\",\"@id\":\"https:\/\/bienvendupardan.com\/en\/pourquoi\/pourquoi-je-peux-faire-la-difference\/\",\"url\":\"https:\/\/bienvendupardan.com\/en\/pourquoi\/pourquoi-je-peux-faire-la-difference\/\",\"name\":\"Pourquoi je peux faire la diff\u00e9rence - Bien Vendu par Dan\",\"isPartOf\":{\"@id\":\"https:\/\/bienvendupardan.com\/#website\"},\"datePublished\":\"2013-09-24T12:59:26+00:00\",\"dateModified\":\"2017-05-14T12:48:31+00:00\",\"breadcrumb\":{\"@id\":\"https:\/\/bienvendupardan.com\/en\/pourquoi\/pourquoi-je-peux-faire-la-difference\/#breadcrumb\"},\"inLanguage\":\"en-US\",\"potentialAction\":[{\"@type\":\"ReadAction\",\"target\":[\"https:\/\/bienvendupardan.com\/en\/pourquoi\/pourquoi-je-peux-faire-la-difference\/\"]}]},{\"@type\":\"BreadcrumbList\",\"@id\":\"https:\/\/bienvendupardan.com\/en\/pourquoi\/pourquoi-je-peux-faire-la-difference\/#breadcrumb\",\"itemListElement\":[{\"@type\":\"ListItem\",\"position\":1,\"name\":\"Accueil\",\"item\":\"https:\/\/bienvendupardan.com\/\"},{\"@type\":\"ListItem\",\"position\":2,\"name\":\"Pourquoi utiliser mes services\",\"item\":\"https:\/\/bienvendupardan.com\/pourquoi\/\"},{\"@type\":\"ListItem\",\"position\":3,\"name\":\"Pourquoi je peux faire la diff\u00e9rence\"}]},{\"@type\":\"WebSite\",\"@id\":\"https:\/\/bienvendupardan.com\/#website\",\"url\":\"https:\/\/bienvendupardan.com\/\",\"name\":\"Bien Vendu par Dan\",\"description\":\"Un site du r\u00e9seau Aliquando\",\"potentialAction\":[{\"@type\":\"SearchAction\",\"target\":{\"@type\":\"EntryPoint\",\"urlTemplate\":\"https:\/\/bienvendupardan.com\/?s={search_term_string}\"},\"query-input\":{\"@type\":\"PropertyValueSpecification\",\"valueRequired\":true,\"valueName\":\"search_term_string\"}}],\"inLanguage\":\"en-US\"}]}<\/script>\n<!-- \/ Yoast SEO plugin. -->","yoast_head_json":{"title":"Pourquoi je peux faire la diff\u00e9rence - Bien Vendu par Dan","robots":{"index":"index","follow":"follow","max-snippet":"max-snippet:-1","max-image-preview":"max-image-preview:large","max-video-preview":"max-video-preview:-1"},"canonical":"https:\/\/bienvendupardan.com\/en\/pourquoi\/pourquoi-je-peux-faire-la-difference\/","og_locale":"en_US","og_type":"article","og_title":"Pourquoi je peux faire la diff\u00e9rence - Bien Vendu par Dan","og_description":"Ayant plus de vingt ans d&#8217;exp\u00e9rience \u00e0 n\u00e9gocier divers contrats dans le domaine de la construction, je pourrai certainement vous \u00e9pauler lors de l&#8217;achat ou la vente de votre propri\u00e9t\u00e9. Confiez-moi le mandat de n\u00e9gocier les meilleures conditions ainsi que le prix (de vente ou d&#8217;achat) de votre r\u00e9sidence. Obtenez une visibilit\u00e9 sur MLS &#8211; [&hellip;]","og_url":"https:\/\/bienvendupardan.com\/en\/pourquoi\/pourquoi-je-peux-faire-la-difference\/","og_site_name":"Bien Vendu par Dan","article_modified_time":"2017-05-14T12:48:31+00:00","twitter_card":"summary_large_image","twitter_misc":{"Est. reading time":"2 minutes"},"schema":{"@context":"https:\/\/schema.org","@graph":[{"@type":"WebPage","@id":"https:\/\/bienvendupardan.com\/en\/pourquoi\/pourquoi-je-peux-faire-la-difference\/","url":"https:\/\/bienvendupardan.com\/en\/pourquoi\/pourquoi-je-peux-faire-la-difference\/","name":"Pourquoi je peux faire la diff\u00e9rence - Bien Vendu par Dan","isPartOf":{"@id":"https:\/\/bienvendupardan.com\/#website"},"datePublished":"2013-09-24T12:59:26+00:00","dateModified":"2017-05-14T12:48:31+00:00","breadcrumb":{"@id":"https:\/\/bienvendupardan.com\/en\/pourquoi\/pourquoi-je-peux-faire-la-difference\/#breadcrumb"},"inLanguage":"en-US","potentialAction":[{"@type":"ReadAction","target":["https:\/\/bienvendupardan.com\/en\/pourquoi\/pourquoi-je-peux-faire-la-difference\/"]}]},{"@type":"BreadcrumbList","@id":"https:\/\/bienvendupardan.com\/en\/pourquoi\/pourquoi-je-peux-faire-la-difference\/#breadcrumb","itemListElement":[{"@type":"ListItem","position":1,"name":"Accueil","item":"https:\/\/bienvendupardan.com\/"},{"@type":"ListItem","position":2,"name":"Pourquoi utiliser mes services","item":"https:\/\/bienvendupardan.com\/pourquoi\/"},{"@type":"ListItem","position":3,"name":"Pourquoi je peux faire la diff\u00e9rence"}]},{"@type":"WebSite","@id":"https:\/\/bienvendupardan.com\/#website","url":"https:\/\/bienvendupardan.com\/","name":"Bien Vendu par Dan","description":"Un site du r\u00e9seau Aliquando","potentialAction":[{"@type":"SearchAction","target":{"@type":"EntryPoint","urlTemplate":"https:\/\/bienvendupardan.com\/?s={search_term_string}"},"query-input":{"@type":"PropertyValueSpecification","valueRequired":true,"valueName":"search_term_string"}}],"inLanguage":"en-US"}]}},"_links":{"self":[{"href":"https:\/\/bienvendupardan.com\/en\/wp-json\/wp\/v2\/pages\/482","targetHints":{"allow":["GET"]}}],"collection":[{"href":"https:\/\/bienvendupardan.com\/en\/wp-json\/wp\/v2\/pages"}],"about":[{"href":"https:\/\/bienvendupardan.com\/en\/wp-json\/wp\/v2\/types\/page"}],"author":[{"embeddable":true,"href":"https:\/\/bienvendupardan.com\/en\/wp-json\/wp\/v2\/users\/121"}],"replies":[{"embeddable":true,"href":"https:\/\/bienvendupardan.com\/en\/wp-json\/wp\/v2\/comments?post=482"}],"version-history":[{"count":3,"href":"https:\/\/bienvendupardan.com\/en\/wp-json\/wp\/v2\/pages\/482\/revisions"}],"predecessor-version":[{"id":902,"href":"https:\/\/bienvendupardan.com\/en\/wp-json\/wp\/v2\/pages\/482\/revisions\/902"}],"up":[{"embeddable":true,"href":"https:\/\/bienvendupardan.com\/en\/wp-json\/wp\/v2\/pages\/456"}],"wp:attachment":[{"href":"https:\/\/bienvendupardan.com\/en\/wp-json\/wp\/v2\/media?parent=482"}],"curies":[{"name":"wp","href":"https:\/\/api.w.org\/{rel}","templated":true}]}}