{"id":586,"date":"2014-04-30T15:45:25","date_gmt":"2014-04-30T19:45:25","guid":{"rendered":"http:\/\/bienvendupardan.com\/?page_id=586"},"modified":"2014-04-30T15:45:25","modified_gmt":"2014-04-30T19:45:25","slug":"details-propriete","status":"publish","type":"page","link":"https:\/\/bienvendupardan.com\/en\/mes-proprietes\/details-propriete\/","title":{"rendered":"(Fran\u00e7ais) D\u00e9tails propri\u00e9t\u00e9"},"content":{"rendered":"","protected":false},"excerpt":{"rendered":"","protected":false},"author":121,"featured_media":0,"parent":28,"menu_order":0,"comment_status":"open","ping_status":"open","template":"listing-templates\/listings_details.php","meta":{"_acf_changed":false,"footnotes":""},"class_list":["post-586","page","type-page","status-publish","hentry"],"acf":[],"yoast_head":"<!-- This site is optimized with the Yoast SEO plugin v26.7 - https:\/\/yoast.com\/wordpress\/plugins\/seo\/ -->\n<title>D\u00e9tails propri\u00e9t\u00e9 - Bien Vendu par Dan<\/title>\n<meta name=\"robots\" content=\"index, follow, max-snippet:-1, max-image-preview:large, max-video-preview:-1\" \/>\n<link rel=\"canonical\" href=\"https:\/\/bienvendupardan.com\/mes-proprietes\/details-propriete\/\" \/>\n<meta property=\"og:locale\" content=\"en_US\" \/>\n<meta property=\"og:type\" content=\"article\" \/>\n<meta property=\"og:title\" content=\"D\u00e9tails propri\u00e9t\u00e9 - Bien Vendu par Dan\" \/>\n<meta property=\"og:url\" content=\"https:\/\/bienvendupardan.com\/mes-proprietes\/details-propriete\/\" \/>\n<meta property=\"og:site_name\" content=\"Bien Vendu par Dan\" \/>\n<meta name=\"twitter:card\" content=\"summary_large_image\" \/>\n<script type=\"application\/ld+json\" class=\"yoast-schema-graph\">{\"@context\":\"https:\/\/schema.org\",\"@graph\":[{\"@type\":\"WebPage\",\"@id\":\"https:\/\/bienvendupardan.com\/mes-proprietes\/details-propriete\/\",\"url\":\"https:\/\/bienvendupardan.com\/mes-proprietes\/details-propriete\/\",\"name\":\"D\u00e9tails propri\u00e9t\u00e9 - Bien Vendu par Dan\",\"isPartOf\":{\"@id\":\"https:\/\/bienvendupardan.com\/en\/#website\"},\"datePublished\":\"2014-04-30T19:45:25+00:00\",\"breadcrumb\":{\"@id\":\"https:\/\/bienvendupardan.com\/mes-proprietes\/details-propriete\/#breadcrumb\"},\"inLanguage\":\"en-US\",\"potentialAction\":[{\"@type\":\"ReadAction\",\"target\":[\"https:\/\/bienvendupardan.com\/mes-proprietes\/details-propriete\/\"]}]},{\"@type\":\"BreadcrumbList\",\"@id\":\"https:\/\/bienvendupardan.com\/mes-proprietes\/details-propriete\/#breadcrumb\",\"itemListElement\":[{\"@type\":\"ListItem\",\"position\":1,\"name\":\"Accueil\",\"item\":\"https:\/\/bienvendupardan.com\/en\/\"},{\"@type\":\"ListItem\",\"position\":2,\"name\":\"Propri\u00e9t\u00e9s\",\"item\":\"https:\/\/bienvendupardan.com\/mes-proprietes\/\"},{\"@type\":\"ListItem\",\"position\":3,\"name\":\"D\u00e9tails propri\u00e9t\u00e9\"}]},{\"@type\":\"WebSite\",\"@id\":\"https:\/\/bienvendupardan.com\/en\/#website\",\"url\":\"https:\/\/bienvendupardan.com\/en\/\",\"name\":\"Bien Vendu par Dan\",\"description\":\"Un site du r\u00e9seau Aliquando\",\"potentialAction\":[{\"@type\":\"SearchAction\",\"target\":{\"@type\":\"EntryPoint\",\"urlTemplate\":\"https:\/\/bienvendupardan.com\/en\/?s={search_term_string}\"},\"query-input\":{\"@type\":\"PropertyValueSpecification\",\"valueRequired\":true,\"valueName\":\"search_term_string\"}}],\"inLanguage\":\"en-US\"}]}<\/script>\n<!-- \/ Yoast SEO plugin. -->","yoast_head_json":{"title":"D\u00e9tails propri\u00e9t\u00e9 - Bien Vendu par Dan","robots":{"index":"index","follow":"follow","max-snippet":"max-snippet:-1","max-image-preview":"max-image-preview:large","max-video-preview":"max-video-preview:-1"},"canonical":"https:\/\/bienvendupardan.com\/mes-proprietes\/details-propriete\/","og_locale":"en_US","og_type":"article","og_title":"D\u00e9tails propri\u00e9t\u00e9 - Bien Vendu par Dan","og_url":"https:\/\/bienvendupardan.com\/mes-proprietes\/details-propriete\/","og_site_name":"Bien Vendu par Dan","twitter_card":"summary_large_image","schema":{"@context":"https:\/\/schema.org","@graph":[{"@type":"WebPage","@id":"https:\/\/bienvendupardan.com\/mes-proprietes\/details-propriete\/","url":"https:\/\/bienvendupardan.com\/mes-proprietes\/details-propriete\/","name":"D\u00e9tails propri\u00e9t\u00e9 - Bien Vendu par Dan","isPartOf":{"@id":"https:\/\/bienvendupardan.com\/en\/#website"},"datePublished":"2014-04-30T19:45:25+00:00","breadcrumb":{"@id":"https:\/\/bienvendupardan.com\/mes-proprietes\/details-propriete\/#breadcrumb"},"inLanguage":"en-US","potentialAction":[{"@type":"ReadAction","target":["https:\/\/bienvendupardan.com\/mes-proprietes\/details-propriete\/"]}]},{"@type":"BreadcrumbList","@id":"https:\/\/bienvendupardan.com\/mes-proprietes\/details-propriete\/#breadcrumb","itemListElement":[{"@type":"ListItem","position":1,"name":"Accueil","item":"https:\/\/bienvendupardan.com\/en\/"},{"@type":"ListItem","position":2,"name":"Propri\u00e9t\u00e9s","item":"https:\/\/bienvendupardan.com\/mes-proprietes\/"},{"@type":"ListItem","position":3,"name":"D\u00e9tails propri\u00e9t\u00e9"}]},{"@type":"WebSite","@id":"https:\/\/bienvendupardan.com\/en\/#website","url":"https:\/\/bienvendupardan.com\/en\/","name":"Bien Vendu par Dan","description":"Un site du r\u00e9seau Aliquando","potentialAction":[{"@type":"SearchAction","target":{"@type":"EntryPoint","urlTemplate":"https:\/\/bienvendupardan.com\/en\/?s={search_term_string}"},"query-input":{"@type":"PropertyValueSpecification","valueRequired":true,"valueName":"search_term_string"}}],"inLanguage":"en-US"}]}},"_links":{"self":[{"href":"https:\/\/bienvendupardan.com\/en\/wp-json\/wp\/v2\/pages\/586","targetHints":{"allow":["GET"]}}],"collection":[{"href":"https:\/\/bienvendupardan.com\/en\/wp-json\/wp\/v2\/pages"}],"about":[{"href":"https:\/\/bienvendupardan.com\/en\/wp-json\/wp\/v2\/types\/page"}],"author":[{"embeddable":true,"href":"https:\/\/bienvendupardan.com\/en\/wp-json\/wp\/v2\/users\/121"}],"replies":[{"embeddable":true,"href":"https:\/\/bienvendupardan.com\/en\/wp-json\/wp\/v2\/comments?post=586"}],"version-history":[{"count":2,"href":"https:\/\/bienvendupardan.com\/en\/wp-json\/wp\/v2\/pages\/586\/revisions"}],"predecessor-version":[{"id":588,"href":"https:\/\/bienvendupardan.com\/en\/wp-json\/wp\/v2\/pages\/586\/revisions\/588"}],"up":[{"embeddable":true,"href":"https:\/\/bienvendupardan.com\/en\/wp-json\/wp\/v2\/pages\/28"}],"wp:attachment":[{"href":"https:\/\/bienvendupardan.com\/en\/wp-json\/wp\/v2\/media?parent=586"}],"curies":[{"name":"wp","href":"https:\/\/api.w.org\/{rel}","templated":true}]}}